{"id":162,"date":"2017-07-14T14:01:43","date_gmt":"2017-07-14T13:01:43","guid":{"rendered":"http:\/\/junkers-stuttgart.de\/?page_id=162"},"modified":"2021-09-08T12:47:53","modified_gmt":"2021-09-08T10:47:53","slug":"haller-meurer","status":"publish","type":"page","link":"https:\/\/pfaff-meister.de\/?page_id=162","title":{"rendered":"Haller-Meurer"},"content":{"rendered":"\n<div class=\"wp-block-image\"><figure class=\"aligncenter size-large\"><img loading=\"lazy\" decoding=\"async\" width=\"340\" height=\"153\" src=\"https:\/\/pfaff-meister.de\/web\/wp-content\/uploads\/2020\/11\/Emblem_Haller_Meurer_Gasheizung_Pfaff_Backnang.jpg\" alt=\"\" class=\"wp-image-1001\" srcset=\"https:\/\/pfaff-meister.de\/wp-content\/uploads\/2020\/11\/Emblem_Haller_Meurer_Gasheizung_Pfaff_Backnang.jpg 340w, https:\/\/pfaff-meister.de\/wp-content\/uploads\/2020\/11\/Emblem_Haller_Meurer_Gasheizung_Pfaff_Backnang-300x135.jpg 300w\" sizes=\"auto, (max-width: 340px) 100vw, 340px\" \/><\/figure><\/div>\n\n\n\n<h2 class=\"has-text-align-center has-medium-font-size has-cyan-bluish-gray-background-color has-background wp-block-heading\"><strong>Hierf\u00fcr sind wir spezialisiert und bieten Ihnen gerne im Umkreis von ca. 50 Km um Backnang: <\/strong><\/h2>\n\n\n\n<h2 class=\"has-text-align-center has-medium-font-size has-black-color has-luminous-vivid-orange-background-color has-text-color has-background wp-block-heading\"><strong>REPARATUREN &amp; \u00dcberpr\u00fcfungen,  <\/strong><\/h2>\n\n\n\n<h2 class=\"has-text-align-center has-medium-font-size has-black-color has-vivid-green-cyan-background-color has-text-color has-background wp-block-heading\"><strong>Inspektionen &amp; Wartungen sowie  <\/strong><\/h2>\n\n\n\n<h2 class=\"has-text-align-center has-medium-font-size has-vivid-cyan-blue-background-color has-background wp-block-heading\"><strong>Erneuerungen (Auswechslungen) an.<\/strong><\/h2>\n\n\n\n<div class=\"wp-block-image\"><figure class=\"aligncenter size-large is-resized\"><img loading=\"lazy\" decoding=\"async\" src=\"https:\/\/pfaff-meister.de\/web\/wp-content\/uploads\/2020\/11\/Haller_Meurer_Gasraumheizer_R1452_Aussenwand_Pfaff_Backnang-956x1024.jpg\" alt=\"\" class=\"wp-image-1003\" width=\"717\" height=\"768\" srcset=\"https:\/\/pfaff-meister.de\/wp-content\/uploads\/2020\/11\/Haller_Meurer_Gasraumheizer_R1452_Aussenwand_Pfaff_Backnang-956x1024.jpg 956w, https:\/\/pfaff-meister.de\/wp-content\/uploads\/2020\/11\/Haller_Meurer_Gasraumheizer_R1452_Aussenwand_Pfaff_Backnang-280x300.jpg 280w, https:\/\/pfaff-meister.de\/wp-content\/uploads\/2020\/11\/Haller_Meurer_Gasraumheizer_R1452_Aussenwand_Pfaff_Backnang-768x823.jpg 768w, https:\/\/pfaff-meister.de\/wp-content\/uploads\/2020\/11\/Haller_Meurer_Gasraumheizer_R1452_Aussenwand_Pfaff_Backnang.jpg 1024w\" sizes=\"auto, (max-width: 717px) 100vw, 717px\" \/><\/figure><\/div>\n\n\n\n<div class=\"wp-block-image\"><figure class=\"aligncenter size-large is-resized\"><img loading=\"lazy\" decoding=\"async\" src=\"https:\/\/pfaff-meister.de\/web\/wp-content\/uploads\/2020\/11\/Haller_Meurer_Gasraumheizer_R1852_Aussenwand_Pfaff_Backnang-935x1024.jpg\" alt=\"\" class=\"wp-image-1004\" width=\"701\" height=\"768\" srcset=\"https:\/\/pfaff-meister.de\/wp-content\/uploads\/2020\/11\/Haller_Meurer_Gasraumheizer_R1852_Aussenwand_Pfaff_Backnang-935x1024.jpg 935w, https:\/\/pfaff-meister.de\/wp-content\/uploads\/2020\/11\/Haller_Meurer_Gasraumheizer_R1852_Aussenwand_Pfaff_Backnang-274x300.jpg 274w, https:\/\/pfaff-meister.de\/wp-content\/uploads\/2020\/11\/Haller_Meurer_Gasraumheizer_R1852_Aussenwand_Pfaff_Backnang-768x842.jpg 768w, https:\/\/pfaff-meister.de\/wp-content\/uploads\/2020\/11\/Haller_Meurer_Gasraumheizer_R1852_Aussenwand_Pfaff_Backnang.jpg 1024w\" sizes=\"auto, (max-width: 701px) 100vw, 701px\" \/><\/figure><\/div>\n\n\n\n<div class=\"wp-block-image\"><figure class=\"aligncenter size-large is-resized\"><img loading=\"lazy\" decoding=\"async\" src=\"https:\/\/pfaff-meister.de\/web\/wp-content\/uploads\/2020\/11\/Haller_Meurer_Gasraumheizer_R1462_Aussenwand_Pfaff_Backnang-933x1024.jpg\" alt=\"\" class=\"wp-image-1005\" width=\"700\" height=\"768\" srcset=\"https:\/\/pfaff-meister.de\/wp-content\/uploads\/2020\/11\/Haller_Meurer_Gasraumheizer_R1462_Aussenwand_Pfaff_Backnang-933x1024.jpg 933w, https:\/\/pfaff-meister.de\/wp-content\/uploads\/2020\/11\/Haller_Meurer_Gasraumheizer_R1462_Aussenwand_Pfaff_Backnang-273x300.jpg 273w, https:\/\/pfaff-meister.de\/wp-content\/uploads\/2020\/11\/Haller_Meurer_Gasraumheizer_R1462_Aussenwand_Pfaff_Backnang-768x843.jpg 768w, https:\/\/pfaff-meister.de\/wp-content\/uploads\/2020\/11\/Haller_Meurer_Gasraumheizer_R1462_Aussenwand_Pfaff_Backnang.jpg 1024w\" sizes=\"auto, (max-width: 700px) 100vw, 700px\" \/><\/figure><\/div>\n\n\n\n<div class=\"wp-block-image\"><figure class=\"aligncenter size-large is-resized\"><img loading=\"lazy\" decoding=\"async\" src=\"https:\/\/pfaff-meister.de\/web\/wp-content\/uploads\/2020\/11\/Haller_Meurer_Gasraumheizer_R1980_k7_Schornstein-915x1024.jpg\" alt=\"\" class=\"wp-image-1002\" width=\"686\" height=\"768\" srcset=\"https:\/\/pfaff-meister.de\/wp-content\/uploads\/2020\/11\/Haller_Meurer_Gasraumheizer_R1980_k7_Schornstein-915x1024.jpg 915w, https:\/\/pfaff-meister.de\/wp-content\/uploads\/2020\/11\/Haller_Meurer_Gasraumheizer_R1980_k7_Schornstein-268x300.jpg 268w, https:\/\/pfaff-meister.de\/wp-content\/uploads\/2020\/11\/Haller_Meurer_Gasraumheizer_R1980_k7_Schornstein-768x860.jpg 768w, https:\/\/pfaff-meister.de\/wp-content\/uploads\/2020\/11\/Haller_Meurer_Gasraumheizer_R1980_k7_Schornstein.jpg 1024w\" sizes=\"auto, (max-width: 686px) 100vw, 686px\" \/><\/figure><\/div>\n\n\n<table style=\"height: 1561px;\" width=\"815\">\n<tbody>\n<tr>\n<td style=\"text-align: center;\" height=\"20\">&nbsp;<\/td>\n<\/tr>\n<tr>\n<td>\n<table width=\"90%\" cellspacing=\"0\" cellpadding=\"0\" align=\"center\">\n<tbody>\n<tr>\n<td width=\"100%\">\n<table width=\"100%\" cellspacing=\"10\" cellpadding=\"0\" align=\"left\">\n<tbody>\n<tr>\n<td align=\"left\" valign=\"top\" width=\"50%\"><img loading=\"lazy\" decoding=\"async\" class=\"aligncenter\" src=\"http:\/\/pfaff-meister.de\/page\/heizung\/pud_04\/bilder\/pud_02.jpg\" alt=\"\" width=\"276\" height=\"311\" border=\"0\"><\/td>\n<td align=\"right\" valign=\"top\" width=\"50%\"><img loading=\"lazy\" decoding=\"async\" class=\"\" src=\"http:\/\/pfaff-meister.de\/page\/heizung\/pud_04\/bilder\/pud_03.jpg\" alt=\"\" width=\"283\" height=\"303\" border=\"0\"><\/td>\n<\/tr>\n<\/tbody>\n<\/table>\n<\/td>\n<\/tr>\n<tr>\n<td width=\"100%\">\n<table width=\"100%\" cellspacing=\"10\" cellpadding=\"0\" align=\"left\">\n<tbody>\n<tr>\n<td align=\"left\" valign=\"top\" width=\"320\">&nbsp;<\/td>\n<td valign=\"top\">&nbsp;<\/td>\n<\/tr>\n<\/tbody>\n<\/table>\n<\/td>\n<\/tr>\n<tr>\n<td width=\"100%\">\n<table width=\"100%\" cellspacing=\"10\" cellpadding=\"0\" align=\"left\">\n<tbody>\n<tr>\n<td align=\"left\" valign=\"top\" width=\"50%\"><img loading=\"lazy\" decoding=\"async\" class=\"\" src=\"http:\/\/pfaff-meister.de\/page\/heizung\/pud_04\/bilder\/pud_05.jpg\" alt=\"\" width=\"315\" height=\"348\" border=\"0\"><\/td>\n<td align=\"right\" valign=\"top\" width=\"50%\"><img loading=\"lazy\" decoding=\"async\" class=\"\" src=\"http:\/\/pfaff-meister.de\/page\/heizung\/pud_04\/bilder\/pud_06.jpg\" alt=\"\" width=\"306\" height=\"335\" border=\"0\"><\/td>\n<\/tr>\n<\/tbody>\n<\/table>\n<\/td>\n<\/tr>\n<tr>\n<td width=\"100%\">\n<table width=\"100%\" cellspacing=\"10\" cellpadding=\"0\" align=\"left\">\n<tbody>\n<tr>\n<td align=\"left\" valign=\"top\" width=\"50%\"><img decoding=\"async\" src=\"http:\/\/pfaff-meister.de\/page\/heizung\/pud_04\/bilder\/pud_07.jpg\" alt=\"\" border=\"0\"><\/td>\n<td align=\"right\" valign=\"top\" width=\"50%\"><img decoding=\"async\" src=\"http:\/\/pfaff-meister.de\/page\/heizung\/pud_04\/bilder\/pud_08.jpg\" alt=\"\" border=\"0\"><\/td>\n<\/tr>\n<\/tbody>\n<\/table>\n<\/td>\n<\/tr>\n<tr>\n<td width=\"100%\">\n<table width=\"100%\" cellspacing=\"10\" cellpadding=\"0\" align=\"left\">\n<tbody>\n<tr>\n<td align=\"left\" valign=\"top\" width=\"50%\"><img loading=\"lazy\" decoding=\"async\" class=\"aligncenter\" src=\"http:\/\/pfaff-meister.de\/page\/heizung\/pud_04\/bilder\/pud_09.jpg\" alt=\"\" width=\"310\" height=\"407\" border=\"0\"><\/td>\n<td align=\"right\" valign=\"top\" width=\"50%\"><img loading=\"lazy\" decoding=\"async\" class=\"aligncenter\" src=\"http:\/\/pfaff-meister.de\/page\/heizung\/pud_04\/bilder\/pud_10.jpg\" alt=\"\" width=\"308\" height=\"391\" border=\"0\"><\/td>\n<\/tr>\n<\/tbody>\n<\/table>\n<\/td>\n<\/tr>\n<tr>\n<td width=\"100%\">\n<table width=\"100%\" cellspacing=\"10\" cellpadding=\"0\" align=\"left\">\n<tbody>\n<tr>\n<td align=\"left\" valign=\"top\" width=\"50%\"><img loading=\"lazy\" decoding=\"async\" class=\"aligncenter\" src=\"http:\/\/pfaff-meister.de\/page\/heizung\/pud_04\/bilder\/pud_11.jpg\" alt=\"\" width=\"309\" height=\"397\" border=\"0\"><\/td>\n<td align=\"right\" valign=\"top\" width=\"50%\"><img loading=\"lazy\" decoding=\"async\" class=\"aligncenter\" src=\"http:\/\/pfaff-meister.de\/page\/heizung\/pud_04\/bilder\/pud_12.jpg\" alt=\"\" width=\"303\" height=\"399\" border=\"0\"><\/td>\n<\/tr>\n<\/tbody>\n<\/table>\n<\/td>\n<\/tr>\n<\/tbody>\n<\/table>\n<\/td>\n<\/tr>\n<\/tbody>\n<\/table>","protected":false},"excerpt":{"rendered":"<p>Hierf\u00fcr sind wir spezialisiert und bieten Ihnen gerne im Umkreis von ca. 50 Km um Backnang: REPARATUREN &amp; \u00dcberpr\u00fcfungen, Inspektionen &amp; Wartungen sowie Erneuerungen (Auswechslungen) an. &nbsp; &nbsp; &nbsp;<\/p>\n","protected":false},"author":4,"featured_media":0,"parent":34,"menu_order":2,"comment_status":"closed","ping_status":"closed","template":"","meta":{"footnotes":""},"class_list":["post-162","page","type-page","status-publish","hentry"],"_links":{"self":[{"href":"https:\/\/pfaff-meister.de\/index.php?rest_route=\/wp\/v2\/pages\/162","targetHints":{"allow":["GET"]}}],"collection":[{"href":"https:\/\/pfaff-meister.de\/index.php?rest_route=\/wp\/v2\/pages"}],"about":[{"href":"https:\/\/pfaff-meister.de\/index.php?rest_route=\/wp\/v2\/types\/page"}],"author":[{"embeddable":true,"href":"https:\/\/pfaff-meister.de\/index.php?rest_route=\/wp\/v2\/users\/4"}],"replies":[{"embeddable":true,"href":"https:\/\/pfaff-meister.de\/index.php?rest_route=%2Fwp%2Fv2%2Fcomments&post=162"}],"version-history":[{"count":12,"href":"https:\/\/pfaff-meister.de\/index.php?rest_route=\/wp\/v2\/pages\/162\/revisions"}],"predecessor-version":[{"id":1399,"href":"https:\/\/pfaff-meister.de\/index.php?rest_route=\/wp\/v2\/pages\/162\/revisions\/1399"}],"up":[{"embeddable":true,"href":"https:\/\/pfaff-meister.de\/index.php?rest_route=\/wp\/v2\/pages\/34"}],"wp:attachment":[{"href":"https:\/\/pfaff-meister.de\/index.php?rest_route=%2Fwp%2Fv2%2Fmedia&parent=162"}],"curies":[{"name":"wp","href":"https:\/\/api.w.org\/{rel}","templated":true}]}}