{"id":141,"date":"2017-07-14T08:53:29","date_gmt":"2017-07-14T07:53:29","guid":{"rendered":"http:\/\/junkers-stuttgart.de\/?page_id=141"},"modified":"2021-09-08T12:58:43","modified_gmt":"2021-09-08T10:58:43","slug":"was-tun-bei-gasgeruch","status":"publish","type":"page","link":"https:\/\/pfaff-meister.de\/?page_id=141","title":{"rendered":"Was tun bei GASGERUCH?"},"content":{"rendered":"\n<figure class=\"wp-block-image size-large\"><img loading=\"lazy\" decoding=\"async\" width=\"552\" height=\"492\" src=\"http:\/\/pfaff-meister.de\/wp-content\/uploads\/2020\/10\/Schild_Gasgeruch_Hinweis1_Pfaff-Backnang.jpg\" alt=\"\" class=\"wp-image-864\" srcset=\"https:\/\/pfaff-meister.de\/wp-content\/uploads\/2020\/10\/Schild_Gasgeruch_Hinweis1_Pfaff-Backnang.jpg 552w, https:\/\/pfaff-meister.de\/wp-content\/uploads\/2020\/10\/Schild_Gasgeruch_Hinweis1_Pfaff-Backnang-300x267.jpg 300w\" sizes=\"auto, (max-width: 552px) 100vw, 552px\" \/><\/figure>\n\n\n\n<div class=\"wp-block-file\"><a href=\"http:\/\/pfaff-meister.de\/wp-content\/uploads\/2020\/10\/Flyer-Gas-Sicher-Check_2020-1.pdf\">Flyer-Gas-Sicher-Check_2020<\/a><a href=\"http:\/\/pfaff-meister.de\/wp-content\/uploads\/2020\/10\/Flyer-Gas-Sicher-Check_2020-1.pdf\" class=\"wp-block-file__button\" download>Herunterladen<\/a><\/div>\n\n\n\n<p><\/p>\n\n\n\n<figure class=\"wp-block-table aligncenter is-style-regular\"><table><tbody><tr><td><strong><span class=\"has-inline-color has-vivid-red-color\">Was ist zu tun, wenn es im Haus nach Gas riecht? &nbsp;<\/span><\/strong><br><br><strong><span class=\"has-inline-color has-vivid-red-color\">Keine Panik!<\/span><\/strong><br><br><span class=\"has-inline-color has-vivid-cyan-blue-color\">Erdgas riecht dank des beigemischten Duftstoffs so intensiv, dass selbst kleinste Gasmengen wahrgenommen werden.<br>Schl\u00e4gt Ihre Nase also Alarm, ist das noch kein Grund zur Panik.<br>Bleiben Sie ruhig und beachten Sie die folgenden Punkte:<br>Keine Flammen, keine Funken!<\/span><br><br><span class=\"has-inline-color has-luminous-vivid-orange-color\"><strong>Riecht es nach Gas, ist offenes Feuer tabu. <\/strong><br><strong>Also Zigaretten aus, kein Feuerzeug und keine Streichh\u00f6lzer benutzen!<\/strong><br><strong>Auch an elektrischen Ger\u00e4ten k\u00f6nnen Funken entstehen. Deshalb: Licht- und Ger\u00e4teschalter nicht mehr bet\u00e4tigen,<\/strong><br><strong>keine Stecker aus der Steckdose ziehen. Und kein Telefon oder Handy im Haus benutzen!<\/strong><br>Fenster auf!<\/span><br><br>Frische Luft senkt die Gaskonzentration im Raum. Wenn m\u00f6glich, Kellerfenster von au\u00dfen \u00f6ffnen.<br><br><span class=\"has-inline-color has-luminous-vivid-orange-color\">Wichtig: Auf keinen Fall die Dunstabzugshaube oder einen Ventilator einschalten &#8211; Funkenbildung!<\/span><br><br><strong>Gashahn zu!<br><br>Schlie\u00dfen Sie die Absperreinrichtungen der Gasleitungen.<br>Mitbewohner warnen!<br><\/strong><br>Warnen Sie Ihre Mitbewohner (Wichtig: klopfen, nicht klingenl!) und verlassen Sie so schnell wie m\u00f6glich das Haus.<br><br>Bereitschaftsdienst anrufen &#8211; von au\u00dferhalb des Hauses!<br><br><span class=\"has-inline-color has-vivid-cyan-blue-color\">Der Bereitschaftsdienst Ihres Gasversorgungsunternehmens ist rund um die Uhr f\u00fcr Sie erreichbar und ruck-zuck zur Stelle.<\/span><br><br><span class=\"has-inline-color has-luminous-vivid-orange-color\">Wichtig: <br>Beim Telefon oder Handy k\u00f6nnen Funken entstehen.<br>Also nur von au\u00dferhalb anrufen!<\/span><br><br><strong><span class=\"has-inline-color has-vivid-red-color\">Im NOTFALL FEUERWEHR unter 112 anrufen.<\/span><\/strong><br><\/td><\/tr><\/tbody><\/table><\/figure>\n","protected":false},"excerpt":{"rendered":"<p>Was ist zu tun, wenn es im Haus nach Gas riecht? &nbsp; Keine Panik! Erdgas riecht dank des beigemischten Duftstoffs so intensiv, dass selbst kleinste Gasmengen wahrgenommen werden.Schl\u00e4gt Ihre Nase also Alarm, ist das noch kein Grund zur Panik.Bleiben Sie ruhig und beachten Sie die folgenden Punkte:Keine Flammen, keine Funken! Riecht es nach Gas, ist offenes Feuer tabu. Also Zigaretten aus, kein Feuerzeug und keine Streichh\u00f6lzer benutzen!Auch an elektrischen Ger\u00e4ten k\u00f6nnen Funken entstehen. Deshalb: Licht- und Ger\u00e4teschalter nicht mehr bet\u00e4tigen,keine Stecker aus der Steckdose ziehen. Und kein Telefon oder Handy im Haus benutzen!Fenster auf! Frische Luft senkt die Gaskonzentration im&#8230; <\/p>\n","protected":false},"author":4,"featured_media":0,"parent":0,"menu_order":3,"comment_status":"closed","ping_status":"closed","template":"","meta":{"footnotes":""},"class_list":["post-141","page","type-page","status-publish","hentry"],"_links":{"self":[{"href":"https:\/\/pfaff-meister.de\/index.php?rest_route=\/wp\/v2\/pages\/141","targetHints":{"allow":["GET"]}}],"collection":[{"href":"https:\/\/pfaff-meister.de\/index.php?rest_route=\/wp\/v2\/pages"}],"about":[{"href":"https:\/\/pfaff-meister.de\/index.php?rest_route=\/wp\/v2\/types\/page"}],"author":[{"embeddable":true,"href":"https:\/\/pfaff-meister.de\/index.php?rest_route=\/wp\/v2\/users\/4"}],"replies":[{"embeddable":true,"href":"https:\/\/pfaff-meister.de\/index.php?rest_route=%2Fwp%2Fv2%2Fcomments&post=141"}],"version-history":[{"count":8,"href":"https:\/\/pfaff-meister.de\/index.php?rest_route=\/wp\/v2\/pages\/141\/revisions"}],"predecessor-version":[{"id":1447,"href":"https:\/\/pfaff-meister.de\/index.php?rest_route=\/wp\/v2\/pages\/141\/revisions\/1447"}],"wp:attachment":[{"href":"https:\/\/pfaff-meister.de\/index.php?rest_route=%2Fwp%2Fv2%2Fmedia&parent=141"}],"curies":[{"name":"wp","href":"https:\/\/api.w.org\/{rel}","templated":true}]}}