{"id":132,"date":"2017-07-14T08:14:36","date_gmt":"2017-07-14T07:14:36","guid":{"rendered":"http:\/\/junkers-stuttgart.de\/?page_id=132"},"modified":"2021-09-08T12:46:20","modified_gmt":"2021-09-08T10:46:20","slug":"zu-den-kosten","status":"publish","type":"page","link":"https:\/\/pfaff-meister.de\/?page_id=132","title":{"rendered":"Zu den Kosten"},"content":{"rendered":"\n<figure class=\"wp-block-image size-large is-resized\"><img loading=\"lazy\" decoding=\"async\" src=\"https:\/\/pfaff-meister.de\/web\/wp-content\/uploads\/2020\/10\/Kostenerklaerung_Pfaff_Backnang.jpg\" alt=\"\" class=\"wp-image-951\" width=\"647\" height=\"935\" srcset=\"https:\/\/pfaff-meister.de\/wp-content\/uploads\/2020\/10\/Kostenerklaerung_Pfaff_Backnang.jpg 647w, https:\/\/pfaff-meister.de\/wp-content\/uploads\/2020\/10\/Kostenerklaerung_Pfaff_Backnang-208x300.jpg 208w\" sizes=\"auto, (max-width: 647px) 100vw, 647px\" \/><\/figure>\n\n\n\n<p><strong>Zu den Kosten!&nbsp;<\/strong><\/p>\n\n\n\n<p><strong>An- u. Abfahrtspauschalen:<\/strong><\/p>\n\n\n\n<p><span class=\"has-inline-color has-vivid-cyan-blue-color\"><strong>Zone 1 = 40,00 Euro<br><\/strong>Backnang, Winnenden, Berglen, Leutenbach, Schwaikheim, Affalterbach, Kirchberg\/Murr, Burgstetten, Gro\u00dfaspach,<br>Oppenweiler, Auenwald, Weissach i.T., Allmersbach<\/span> (fehlende Orte werden zeitnah nachgetragen)<\/p>\n\n\n\n<p><span class=\"has-inline-color has-luminous-vivid-orange-color\"><strong>Zone 2 = 60,00 Euro<br><\/strong>Waiblingen, Weinstadt, Kernen i.R., Schorndorf, Esslingen, Filderstadt, Stuttgart, Kornwestheim, Ludwigsburg, Bietigheim,<br>Marbach, Oberstenfeld, Murrhardt<\/span> (fehlende Orte werden zeitnah nachgetragen)<\/p>\n\n\n\n<p><span class=\"has-inline-color has-vivid-red-color\"><strong>Zone 3 = 100,00 Euro<br><\/strong>Heilbronn, Weinsberg, Schw\u00e4bisch Hall, Schw\u00e4bisch Gm\u00fcnd, Plochingen, B\u00f6blingen, Sindelfingen, Leonberg, G\u00f6ppingen,<br>Kirchheim unter Teck, Pforzheim, M\u00fchlacker, Bretten, Vaihingen Enz, <\/span>(fehlende Orte werden zeitnah nachgetragen)<\/p>\n\n\n\n<p>Zone 4 und 5 werden, aus Gr\u00fcnden des Fachkr\u00e4ftemangels, nicht mehr angefahren! <\/p>\n\n\n\n<p class=\"has-luminous-vivid-orange-color has-white-background-color has-text-color has-background\">Die <strong>An- u. Abfahrtspauschal- <\/strong>ZONEN setzen sich zusammen, aus den Lohnkosten der Mitarbeiter, w\u00e4hrend der Fahrtzeiten und den Fahrzeugkosten. Die Fahrzeugkosten ergeben sich aus dem Fahrweg, Verbrauch und den anteiligen Kosten f\u00fcr Anschaffung und Unterhalt (Versicherungen, Reparaturen und Wartung).<\/p>\n\n\n\n<p>ANGEBOTE sowie die Anmeldung der TAF (Technische Angaben \u00fcber Feuerungsanlagen) sind nicht kostenlos! Sie werden grunds\u00e4tzlich nach Aufwand verrechnet.<\/p>\n\n\n\n<p class=\"has-white-background-color has-background\"><strong>B<span class=\"has-inline-color has-vivid-red-color\">itte um Verst\u00e4ndnis f\u00fcr diese Preisangaben, da im Gro\u00dfraum Stuttgart, immer ein sehr heftig gro\u00dfes Verkehrsaufkommen (Stau), stattfindet.<\/span><\/strong><\/p>\n\n\n\n<p class=\"has-white-background-color has-background\"><strong>Auch die Parkplatzsuche ist sehr Zeitaufwendig und findet i.d.R. nicht vor der Zieladresse statt!<\/strong><\/p>\n\n\n\n<p class=\"has-white-background-color has-background\"><strong>Es ist meistens mit einem erh\u00f6hten Zeitaufwand verbunden, den wir verrechnen und weitergeben m\u00fcssen!<\/strong><\/p>\n\n\n\n<p class=\"has-text-align-left has-luminous-vivid-orange-color has-white-background-color has-text-color has-background\">.<strong><span class=\"has-inline-color has-vivid-cyan-blue-color\">Wir agieren f\u00fcr den vor Ort KUNDENDIENST max. in einem Radius von 50 Km um den Hauptsitz Backnang!<\/span><\/strong><\/p>\n\n\n\n<p><span class=\"has-inline-color has-luminous-vivid-orange-color\"><strong>Aufwand: 80,00 Euro \/ Std. (1\/4 Std. = 20,00 Euro)<br><\/strong>Jede angefangene 1\/4 Stunde wird mit 20,00 Euro verrechnet.<\/span><\/p>\n\n\n\n<p><span class=\"has-inline-color has-vivid-cyan-blue-color\"><strong>Aufwandszeiten f\u00fcr die Inspektion und Wartung!<br><\/strong><br>ca. 0,50 Std. &#8211; 1,00 Std. pro Gasraumheizer (Gasofen)<br>ca. 1,00 Std. &#8211; 1,50 Std. pro Gaskachelofen<br>ca. 1,00 Std. &#8211; 1,50 Std. pro Gas- Durchlauferhitzer<br>ca. 1,50 Std. &#8211; 2,00 Std. pro Gastherme oder pro Gaskessel<br>ca. 1,50 Std. &#8211; 2,00 Std. pro Gaskessel<\/span><\/p>\n\n\n\n<p><strong><span class=\"has-inline-color has-vivid-cyan-blue-color\">zzgl. Gasleckmessung: 10,00 Euro pro Ger\u00e4t<br>Reiner Messger\u00e4teeinsatz \/&nbsp;ohne Lohnkosten!<\/span><br><br><span class=\"has-inline-color has-vivid-cyan-blue-color\">zzgl. Abgasmessung: 20,00 Euro pro Ger\u00e4t<br>Reiner Messger\u00e4teeinsatz \/&nbsp;ohne Lohnkosten!<\/span><\/strong><\/p>\n\n\n\n<p><strong><span class=\"has-inline-color has-vivid-cyan-blue-color\">zzgl. eventueller Materialeinsatz<\/span><\/strong><\/p>\n\n\n\n<p class=\"has-white-background-color has-background\"><strong><span class=\"has-inline-color has-vivid-red-color\">NOTDIENST- ZUSCHLAG an Samstage 50 % Zuschlag auf die Arbeitszeit und Anfahrtspauschale.<\/span><\/strong><\/p>\n\n\n\n<p class=\"has-white-background-color has-background\"><strong><span class=\"has-inline-color has-vivid-red-color\">NOTDIENST- ZUSCHLAG an Sonn und Feiertage 100 % Zuschlag auf die Arbeitszeit und Anfahrtspauschale.<\/span><\/strong><\/p>\n\n\n\n<p class=\"has-white-background-color has-background\"><strong><span class=\"has-inline-color has-vivid-red-color\">Zzgl. die zur Zeit geltende MwSt.<br>Auf alle Verrechnungss\u00e4tze wird grunds\u00e4tzlich die Zurzeit geltende<br>gesetzliche Umsatzsteuer \/ Mehrwertsteuer verrechnet!<\/span><\/strong><\/p>\n\n\n\n<p class=\"has-white-background-color has-background\"><strong><span class=\"has-inline-color has-black-color\">Seit Mai 2020 haben wir ein neue Software. <\/span><span class=\"has-inline-color has-vivid-red-color\">Der Skontoabzug ist seit Mai 2020 nicht mehr m\u00f6glich.<\/span><span class=\"has-inline-color has-black-color\"> HANDWERKERRECHNUNGEN sind sofort und ohne Abzug zahlbar! <\/span><\/strong><\/p>\n\n\n\n<p><span class=\"has-inline-color has-luminous-vivid-orange-color\">Zwecks einer&nbsp;<strong>Service-Anfrage<\/strong> sind wir am besten von<br><strong>Mo. bis Fr. von 7:30 bis 9:00 Uhr<\/strong> unter Tel.: <strong>07191 22063- 0<\/strong> telefonisch erreichbar!.<\/span><\/p>\n\n\n\n<p class=\"has-black-color has-pale-cyan-blue-background-color has-text-color has-background\" style=\"font-size:17px\"><strong><span class=\"has-inline-color has-black-color\">Achtung \/ Wichtig!<\/span><\/strong><\/p>\n\n\n\n<p class=\"has-black-color has-pale-cyan-blue-background-color has-text-color has-background\" style=\"font-size:17px\"><span class=\"has-inline-color has-black-color\">Auftr\u00e4ge bzw. Bestellungen nehmen wir nur schriftlich (herk\u00f6mmlich) per Brief oder (modern) per E-Mail entgegen.<\/span><\/p>\n\n\n\n<div class=\"wp-block-image\"><figure class=\"aligncenter size-full\"><a href=\"https:\/\/pfaff-meister.de\/web\/wp-content\/uploads\/2021\/01\/0_Logo_Meister_2020_Pfaff_Backnang-1.jpg\"><img loading=\"lazy\" decoding=\"async\" width=\"1498\" height=\"739\" src=\"https:\/\/pfaff-meister.de\/web\/wp-content\/uploads\/2021\/01\/0_Logo_Meister_2020_Pfaff_Backnang-1.jpg\" alt=\"\" class=\"wp-image-1194\" srcset=\"https:\/\/pfaff-meister.de\/wp-content\/uploads\/2021\/01\/0_Logo_Meister_2020_Pfaff_Backnang-1.jpg 1498w, https:\/\/pfaff-meister.de\/wp-content\/uploads\/2021\/01\/0_Logo_Meister_2020_Pfaff_Backnang-1-300x148.jpg 300w, https:\/\/pfaff-meister.de\/wp-content\/uploads\/2021\/01\/0_Logo_Meister_2020_Pfaff_Backnang-1-1024x505.jpg 1024w, https:\/\/pfaff-meister.de\/wp-content\/uploads\/2021\/01\/0_Logo_Meister_2020_Pfaff_Backnang-1-768x379.jpg 768w\" sizes=\"auto, (max-width: 1498px) 100vw, 1498px\" \/><\/a><\/figure><\/div>\n","protected":false},"excerpt":{"rendered":"<p>Zu den Kosten!&nbsp; An- u. Abfahrtspauschalen: Zone 1 = 40,00 EuroBacknang, Winnenden, Berglen, Leutenbach, Schwaikheim, Affalterbach, Kirchberg\/Murr, Burgstetten, Gro\u00dfaspach,Oppenweiler, Auenwald, Weissach i.T., Allmersbach (fehlende Orte werden zeitnah nachgetragen) Zone 2 = 60,00 EuroWaiblingen, Weinstadt, Kernen i.R., Schorndorf, Esslingen, Filderstadt, Stuttgart, Kornwestheim, Ludwigsburg, Bietigheim,Marbach, Oberstenfeld, Murrhardt (fehlende Orte werden zeitnah nachgetragen) Zone 3 = 100,00 EuroHeilbronn, Weinsberg, Schw\u00e4bisch Hall, Schw\u00e4bisch Gm\u00fcnd, Plochingen, B\u00f6blingen, Sindelfingen, Leonberg, G\u00f6ppingen,Kirchheim unter Teck, Pforzheim, M\u00fchlacker, Bretten, Vaihingen Enz, (fehlende Orte werden zeitnah nachgetragen) Zone 4 und 5 werden, aus Gr\u00fcnden des Fachkr\u00e4ftemangels, nicht mehr angefahren! Die An- u. Abfahrtspauschal- ZONEN setzen sich zusammen, aus den Lohnkosten&#8230; <\/p>\n","protected":false},"author":4,"featured_media":0,"parent":0,"menu_order":4,"comment_status":"closed","ping_status":"closed","template":"","meta":{"footnotes":""},"class_list":["post-132","page","type-page","status-publish","hentry"],"_links":{"self":[{"href":"https:\/\/pfaff-meister.de\/index.php?rest_route=\/wp\/v2\/pages\/132","targetHints":{"allow":["GET"]}}],"collection":[{"href":"https:\/\/pfaff-meister.de\/index.php?rest_route=\/wp\/v2\/pages"}],"about":[{"href":"https:\/\/pfaff-meister.de\/index.php?rest_route=\/wp\/v2\/types\/page"}],"author":[{"embeddable":true,"href":"https:\/\/pfaff-meister.de\/index.php?rest_route=\/wp\/v2\/users\/4"}],"replies":[{"embeddable":true,"href":"https:\/\/pfaff-meister.de\/index.php?rest_route=%2Fwp%2Fv2%2Fcomments&post=132"}],"version-history":[{"count":24,"href":"https:\/\/pfaff-meister.de\/index.php?rest_route=\/wp\/v2\/pages\/132\/revisions"}],"predecessor-version":[{"id":1412,"href":"https:\/\/pfaff-meister.de\/index.php?rest_route=\/wp\/v2\/pages\/132\/revisions\/1412"}],"wp:attachment":[{"href":"https:\/\/pfaff-meister.de\/index.php?rest_route=%2Fwp%2Fv2%2Fmedia&parent=132"}],"curies":[{"name":"wp","href":"https:\/\/api.w.org\/{rel}","templated":true}]}}