{"id":123,"date":"2017-07-14T08:11:17","date_gmt":"2017-07-14T07:11:17","guid":{"rendered":"http:\/\/junkers-stuttgart.de\/?page_id=123"},"modified":"2025-04-25T11:33:05","modified_gmt":"2025-04-25T09:33:05","slug":"gasgeraete-kundendienst","status":"publish","type":"page","link":"https:\/\/pfaff-meister.de\/?page_id=123","title":{"rendered":"KUNDENDIENST"},"content":{"rendered":"\n<p class=\"has-pale-cyan-blue-background-color has-background has-medium-font-size\">Zur <strong>Kundendienstanforderung<\/strong> oder <strong>Anfragen<\/strong> senden Sie uns bitte den ausgef\u00fcllten KUNDENDIENSTAUFTRAG (beschreibbare PDF-Datei &#8211; siehe unten) eine <strong>E-Mail<\/strong> oder eine <strong>Briefwurfsendung<\/strong>. Hinweis: die <strong>Notdienstleistung<\/strong> und die <strong>Faxnummer<\/strong> existiert nicht mehr! Bitte vergessen Sie, als Rechnungsempf\u00e4nger &amp; Auftragsgeber, Ihre Unterschrift nicht!                                      Vielen herzlichen Dank f\u00fcr Ihr Verst\u00e4ndnis!<\/p>\n\n\n\n<div data-wp-interactive=\"core\/file\" class=\"wp-block-file aligncenter\"><object data-wp-bind--hidden=\"!state.hasPdfPreview\" hidden class=\"wp-block-file__embed\" data=\"https:\/\/pfaff-meister.de\/wp-content\/uploads\/2022\/09\/Kundendienstauftrag_20201105_Pfaff_Backnang-2.pdf\" type=\"application\/pdf\" style=\"width:100%;height:600px\" aria-label=\"Einbettung von Kundendienstauftrag_20201105_Pfaff_Backnang-2.\"><\/object><a id=\"wp-block-file--media-057b7bf9-f1a9-45e6-95df-3ca7405cd6be\" href=\"https:\/\/pfaff-meister.de\/wp-content\/uploads\/2022\/09\/Kundendienstauftrag_20201105_Pfaff_Backnang-2.pdf\">Kundendienstauftrag_20201105_Pfaff_Backnang-2<\/a><a href=\"https:\/\/pfaff-meister.de\/wp-content\/uploads\/2022\/09\/Kundendienstauftrag_20201105_Pfaff_Backnang-2.pdf\" class=\"wp-block-file__button wp-element-button\" download aria-describedby=\"wp-block-file--media-057b7bf9-f1a9-45e6-95df-3ca7405cd6be\">Herunterladen<\/a><\/div>\n\n\n\n<p class=\"has-pale-cyan-blue-background-color has-background has-medium-font-size\">Betreff: Inspektion und Wartung (I.+W.) an ihren Gasheizger\u00e4te!<\/p>\n\n\n\n<p class=\"has-pale-cyan-blue-background-color has-background has-medium-font-size\">Viele Hauseigent\u00fcmer und Betreiber, mit Gas-Anlagen und Gasheizanlagen, im Gro\u00dfraum Stuttgart kennen die Anforderungen an eine <strong>ordnungsgem\u00e4\u00dfe Inspektions- und Wartungspflicht<\/strong> nicht. Dabei sind wichtige Ma\u00dfnahmen sogar gesetzlich vorgeschrieben.<\/p>\n\n\n\n<p class=\"has-pale-cyan-blue-background-color has-background has-medium-font-size\">Im Rahmen der <strong>Verkehrssicherungspflicht <\/strong>hat der Betreiber (Ben\u00fctzer der Anlage) die <strong>Sorgfaltspflicht alle 12 Monate<\/strong> eine <strong>Inspektion und Wartung<\/strong> schriftlich (z.B. per Rechnung) <strong>nachzuweisen<\/strong>.<br>Geschieht das nicht, erlischt u. U. der Versicherungsschutz.<\/p>\n\n\n\n<p class=\"has-pale-cyan-blue-background-color has-background has-medium-font-size\">Der Wartungsintervall, alle 2 Jahre ist eindeutig zu lang. Bedenken Sie, dass Ihre Heizung w\u00e4hrend dem Betrieb steht`s verschlei\u00dft und dadurch undicht werden kann.<\/p>\n\n\n\n<p class=\"has-pale-cyan-blue-background-color has-background has-medium-font-size\">Hierbei kann eine <strong>Gefahr f\u00fcr Leib und Leben<\/strong> entstehen!<\/p>\n\n\n\n<p class=\"has-pale-cyan-blue-background-color has-background has-medium-font-size\">Die <strong>Verschmutzung<\/strong> sowie die <strong>Energiekosten<\/strong> steigen dadurch stark bis ins unendliche. Dies f\u00fchrt dazu, dass Ger\u00e4te schneller altern und deshalb fr\u00fcher ausgetauscht werden m\u00fcssen.<\/p>\n\n\n\n<p class=\"has-pale-cyan-blue-background-color has-background has-medium-font-size\">Bitte, informieren Sie auch Ihren Eigent\u00fcmer, dem Sie eine j\u00e4hrliche <strong>Nachweispflicht <\/strong>auf Verlangen nachweisen m\u00fcssen.<\/p>\n\n\n\n<p class=\"has-pale-cyan-blue-background-color has-background has-medium-font-size\"><strong>Wir empfehlen Ihnen daher unbedingt, die Inspektion und Wartung j\u00e4hrlich durchf\u00fchren zu lassen.<\/strong><\/p>\n\n\n\n<figure class=\"wp-block-image size-large\"><a href=\"https:\/\/pfaff-meister.de\/wp-content\/uploads\/2021\/10\/0_Anzeige2A_Wochenblatt_2021_Pfaff_Backnang.jpg\"><img loading=\"lazy\" decoding=\"async\" width=\"1024\" height=\"681\" src=\"https:\/\/pfaff-meister.de\/wp-content\/uploads\/2021\/10\/0_Anzeige2A_Wochenblatt_2021_Pfaff_Backnang-1024x681.jpg\" alt=\"\" class=\"wp-image-1456\" srcset=\"https:\/\/pfaff-meister.de\/wp-content\/uploads\/2021\/10\/0_Anzeige2A_Wochenblatt_2021_Pfaff_Backnang-1024x681.jpg 1024w, https:\/\/pfaff-meister.de\/wp-content\/uploads\/2021\/10\/0_Anzeige2A_Wochenblatt_2021_Pfaff_Backnang-300x199.jpg 300w, https:\/\/pfaff-meister.de\/wp-content\/uploads\/2021\/10\/0_Anzeige2A_Wochenblatt_2021_Pfaff_Backnang-768x511.jpg 768w, https:\/\/pfaff-meister.de\/wp-content\/uploads\/2021\/10\/0_Anzeige2A_Wochenblatt_2021_Pfaff_Backnang.jpg 1211w\" sizes=\"auto, (max-width: 1024px) 100vw, 1024px\" \/><\/a><\/figure>\n\n\n\n<p><\/p>\n","protected":false},"excerpt":{"rendered":"<p>Zur Kundendienstanforderung oder Anfragen senden Sie uns bitte den ausgef\u00fcllten KUNDENDIENSTAUFTRAG (beschreibbare PDF-Datei &#8211; siehe unten) eine E-Mail oder eine Briefwurfsendung. Hinweis: die Notdienstleistung und die Faxnummer existiert nicht mehr! Bitte vergessen Sie, als Rechnungsempf\u00e4nger &amp; Auftragsgeber, Ihre Unterschrift nicht! Vielen herzlichen Dank f\u00fcr Ihr Verst\u00e4ndnis! Betreff: Inspektion und Wartung (I.+W.) an ihren Gasheizger\u00e4te! Viele Hauseigent\u00fcmer und Betreiber, mit Gas-Anlagen und Gasheizanlagen, im Gro\u00dfraum Stuttgart kennen die Anforderungen an eine ordnungsgem\u00e4\u00dfe Inspektions- und Wartungspflicht nicht. Dabei sind wichtige Ma\u00dfnahmen sogar gesetzlich vorgeschrieben. Im Rahmen der Verkehrssicherungspflicht hat der Betreiber (Ben\u00fctzer der Anlage) die Sorgfaltspflicht alle 12 Monate eine Inspektion und&#8230; <\/p>\n","protected":false},"author":4,"featured_media":0,"parent":0,"menu_order":1,"comment_status":"closed","ping_status":"closed","template":"","meta":{"footnotes":""},"class_list":["post-123","page","type-page","status-publish","hentry"],"_links":{"self":[{"href":"https:\/\/pfaff-meister.de\/index.php?rest_route=\/wp\/v2\/pages\/123","targetHints":{"allow":["GET"]}}],"collection":[{"href":"https:\/\/pfaff-meister.de\/index.php?rest_route=\/wp\/v2\/pages"}],"about":[{"href":"https:\/\/pfaff-meister.de\/index.php?rest_route=\/wp\/v2\/types\/page"}],"author":[{"embeddable":true,"href":"https:\/\/pfaff-meister.de\/index.php?rest_route=\/wp\/v2\/users\/4"}],"replies":[{"embeddable":true,"href":"https:\/\/pfaff-meister.de\/index.php?rest_route=%2Fwp%2Fv2%2Fcomments&post=123"}],"version-history":[{"count":39,"href":"https:\/\/pfaff-meister.de\/index.php?rest_route=\/wp\/v2\/pages\/123\/revisions"}],"predecessor-version":[{"id":1645,"href":"https:\/\/pfaff-meister.de\/index.php?rest_route=\/wp\/v2\/pages\/123\/revisions\/1645"}],"wp:attachment":[{"href":"https:\/\/pfaff-meister.de\/index.php?rest_route=%2Fwp%2Fv2%2Fmedia&parent=123"}],"curies":[{"name":"wp","href":"https:\/\/api.w.org\/{rel}","templated":true}]}}